{"id":27337,"date":"2021-12-21T05:51:36","date_gmt":"2021-12-21T05:51:36","guid":{"rendered":"https:\/\/metallix.ee\/salkku\/"},"modified":"2025-11-21T15:18:05","modified_gmt":"2025-11-21T15:18:05","slug":"salkku","status":"publish","type":"page","link":"https:\/\/metallix.ee\/fi\/salkku\/","title":{"rendered":"Salkku"},"content":{"rendered":"\t\t<div data-elementor-type=\"wp-page\" data-elementor-id=\"27337\" class=\"elementor elementor-27337 elementor-104\" data-elementor-post-type=\"page\">\n\t\t\t\t\t\t<section class=\"elementor-section elementor-top-section elementor-element elementor-element-7f7d109 elementor-section-boxed elementor-section-height-default elementor-section-height-default\" data-id=\"7f7d109\" data-element_type=\"section\" data-settings=\"{&quot;background_background&quot;:&quot;classic&quot;,&quot;_ha_eqh_enable&quot;:false}\">\n\t\t\t\t\t\t<div class=\"elementor-container elementor-column-gap-no\">\n\t\t\t\t\t<div class=\"elementor-column elementor-col-100 elementor-top-column elementor-element elementor-element-0ecb829\" data-id=\"0ecb829\" data-element_type=\"column\">\n\t\t\t<div class=\"elementor-widget-wrap elementor-element-populated\">\n\t\t\t\t\t\t<div class=\"elementor-element elementor-element-4887e27 elementor-widget elementor-widget-heading\" data-id=\"4887e27\" data-element_type=\"widget\" data-widget_type=\"heading.default\">\n\t\t\t\t<div class=\"elementor-widget-container\">\n\t\t\t\t\t<h2 class=\"elementor-heading-title elementor-size-default\">Salkku<\/h2>\t\t\t\t<\/div>\n\t\t\t\t<\/div>\n\t\t\t\t\t<\/div>\n\t\t<\/div>\n\t\t\t\t\t<\/div>\n\t\t<\/section>\n\t\t\t\t<section class=\"elementor-section elementor-top-section elementor-element elementor-element-b0040e9 elementor-section-boxed elementor-section-height-default elementor-section-height-default\" data-id=\"b0040e9\" data-element_type=\"section\" data-settings=\"{&quot;_ha_eqh_enable&quot;:false}\">\n\t\t\t\t\t\t<div class=\"elementor-container elementor-column-gap-no\">\n\t\t\t\t\t<div class=\"elementor-column elementor-col-100 elementor-top-column elementor-element elementor-element-6796b1a\" data-id=\"6796b1a\" data-element_type=\"column\">\n\t\t\t<div class=\"elementor-widget-wrap elementor-element-populated\">\n\t\t\t\t\t\t<div class=\"elementor-element elementor-element-012a9f3 elementor-widget elementor-widget-droit-title\" data-id=\"012a9f3\" data-element_type=\"widget\" data-widget_type=\"droit-title.default\">\n\t\t\t\t<div class=\"elementor-widget-container\">\n\t\t\t\t\t\t    <div class=\"dl_title_section\">\r\n\t        \t            <h3 class=\"dl_title_text\" \r\n                 style=\"order:2;\" > \r\n                                            P\u00e4\u00e4ttyneet hankkeet \r\n                          <\/h3>\r\n\t        \r\n\t        \r\n\t        \t    <\/div>    \r\n\t    \t\t\t\t<\/div>\n\t\t\t\t<\/div>\n\t\t\t\t\t<\/div>\n\t\t<\/div>\n\t\t\t\t\t<\/div>\n\t\t<\/section>\n\t\t<div class=\"elementor-element elementor-element-13cfe63 e-grid e-con-boxed e-con e-parent\" data-id=\"13cfe63\" data-element_type=\"container\" data-settings=\"{&quot;_ha_eqh_enable&quot;:false}\">\n\t\t\t\t\t<div class=\"e-con-inner\">\n\t\t\t\t<div class=\"elementor-element elementor-element-817d6a7 elementor-widget elementor-widget-image\" data-id=\"817d6a7\" data-element_type=\"widget\" data-widget_type=\"image.default\">\n\t\t\t\t<div class=\"elementor-widget-container\">\n\t\t\t\t\t\t\t\t\t\t\t\t<figure class=\"wp-caption\">\n\t\t\t\t\t\t\t\t\t\t\t<a href=\"https:\/\/metallix.ee\/fi\/liikekeskus-soumi\/\">\n\t\t\t\t\t\t\t<img fetchpriority=\"high\" decoding=\"async\" width=\"2016\" height=\"1512\" src=\"https:\/\/metallix.ee\/wp-content\/uploads\/2025\/03\/IMG_5498.jpeg\" class=\"elementor-animation-grow attachment-full size-full wp-image-27779\" alt=\"\" srcset=\"https:\/\/metallix.ee\/wp-content\/uploads\/2025\/03\/IMG_5498.jpeg 2016w, https:\/\/metallix.ee\/wp-content\/uploads\/2025\/03\/IMG_5498-300x225.jpeg 300w, https:\/\/metallix.ee\/wp-content\/uploads\/2025\/03\/IMG_5498-1024x768.jpeg 1024w, https:\/\/metallix.ee\/wp-content\/uploads\/2025\/03\/IMG_5498-768x576.jpeg 768w, https:\/\/metallix.ee\/wp-content\/uploads\/2025\/03\/IMG_5498-1536x1152.jpeg 1536w\" sizes=\"(max-width: 2016px) 100vw, 2016px\" \/>\t\t\t\t\t\t\t\t<\/a>\n\t\t\t\t\t\t\t\t\t\t\t<figcaption class=\"widget-image-caption wp-caption-text\">Liikekeskus - Suomi<\/figcaption>\n\t\t\t\t\t\t\t\t\t\t<\/figure>\n\t\t\t\t\t\t\t\t\t<\/div>\n\t\t\t\t<\/div>\n\t\t\t\t<div class=\"elementor-element elementor-element-430ca8b elementor-widget elementor-widget-image\" data-id=\"430ca8b\" data-element_type=\"widget\" data-widget_type=\"image.default\">\n\t\t\t\t<div class=\"elementor-widget-container\">\n\t\t\t\t\t\t\t\t\t\t\t\t<figure class=\"wp-caption\">\n\t\t\t\t\t\t\t\t\t\t\t<a href=\"https:\/\/metallix.ee\/fi\/paakaapelireitti-suomi\/\">\n\t\t\t\t\t\t\t<img decoding=\"async\" src=\"https:\/\/metallix.ee\/wp-content\/uploads\/elementor\/thumbs\/IMG_5405-r36pcyat874lkuyy5bly4ruv082mnhitp5hbvsm370.jpeg\" title=\"Main Cable Route &#8211; Sweden\u200b\" alt=\"Main Cable Route - Sweden\u200b\" class=\"elementor-animation-grow\" loading=\"lazy\" \/>\t\t\t\t\t\t\t\t<\/a>\n\t\t\t\t\t\t\t\t\t\t\t<figcaption class=\"widget-image-caption wp-caption-text\">P\u00e4\u00e4kaapelireitti - Ruotsi<\/figcaption>\n\t\t\t\t\t\t\t\t\t\t<\/figure>\n\t\t\t\t\t\t\t\t\t<\/div>\n\t\t\t\t<\/div>\n\t\t\t\t<div class=\"elementor-element elementor-element-6208e0d elementor-widget elementor-widget-image\" data-id=\"6208e0d\" data-element_type=\"widget\" data-widget_type=\"image.default\">\n\t\t\t\t<div class=\"elementor-widget-container\">\n\t\t\t\t\t\t\t\t\t\t\t\t<figure class=\"wp-caption\">\n\t\t\t\t\t\t\t\t\t\t\t<a href=\"https:\/\/metallix.ee\/fi\/pieni-tehdas-suomi\/\">\n\t\t\t\t\t\t\t<img decoding=\"async\" width=\"640\" height=\"480\" src=\"https:\/\/metallix.ee\/wp-content\/uploads\/2025\/02\/IMG_4405-1.jpg\" class=\"elementor-animation-grow attachment-large size-large wp-image-26234\" alt=\"pilt\" srcset=\"https:\/\/metallix.ee\/wp-content\/uploads\/2025\/02\/IMG_4405-1.jpg 1008w, https:\/\/metallix.ee\/wp-content\/uploads\/2025\/02\/IMG_4405-1-300x225.jpg 300w, https:\/\/metallix.ee\/wp-content\/uploads\/2025\/02\/IMG_4405-1-768x576.jpg 768w\" sizes=\"(max-width: 640px) 100vw, 640px\" \/>\t\t\t\t\t\t\t\t<\/a>\n\t\t\t\t\t\t\t\t\t\t\t<figcaption class=\"widget-image-caption wp-caption-text\">Pieni tehdas - Suomi<\/figcaption>\n\t\t\t\t\t\t\t\t\t\t<\/figure>\n\t\t\t\t\t\t\t\t\t<\/div>\n\t\t\t\t<\/div>\n\t\t\t\t<div class=\"elementor-element elementor-element-157bb7c elementor-widget elementor-widget-image\" data-id=\"157bb7c\" data-element_type=\"widget\" data-widget_type=\"image.default\">\n\t\t\t\t<div class=\"elementor-widget-container\">\n\t\t\t\t\t\t\t\t\t\t\t\t<figure class=\"wp-caption\">\n\t\t\t\t\t\t\t\t\t\t\t<a href=\"https:\/\/metallix.ee\/fi\/collums-ruotsi\/\">\n\t\t\t\t\t\t\t<img decoding=\"async\" width=\"640\" height=\"480\" src=\"https:\/\/metallix.ee\/wp-content\/uploads\/2025\/02\/IMG_5274-1024x768.jpeg\" class=\"elementor-animation-grow attachment-large size-large wp-image-25565\" alt=\"pilt\" srcset=\"https:\/\/metallix.ee\/wp-content\/uploads\/2025\/02\/IMG_5274-1024x768.jpeg 1024w, https:\/\/metallix.ee\/wp-content\/uploads\/2025\/02\/IMG_5274-300x225.jpeg 300w, https:\/\/metallix.ee\/wp-content\/uploads\/2025\/02\/IMG_5274-768x576.jpeg 768w, https:\/\/metallix.ee\/wp-content\/uploads\/2025\/02\/IMG_5274.jpeg 1080w\" sizes=\"(max-width: 640px) 100vw, 640px\" \/>\t\t\t\t\t\t\t\t<\/a>\n\t\t\t\t\t\t\t\t\t\t\t<figcaption class=\"widget-image-caption wp-caption-text\">Collums - Ruotsi<\/figcaption>\n\t\t\t\t\t\t\t\t\t\t<\/figure>\n\t\t\t\t\t\t\t\t\t<\/div>\n\t\t\t\t<\/div>\n\t\t\t\t<div class=\"elementor-element elementor-element-6d7f9d1 elementor-widget elementor-widget-image\" data-id=\"6d7f9d1\" data-element_type=\"widget\" data-widget_type=\"image.default\">\n\t\t\t\t<div class=\"elementor-widget-container\">\n\t\t\t\t\t\t\t\t\t\t\t\t<figure class=\"wp-caption\">\n\t\t\t\t\t\t\t\t\t\t\t<a href=\"https:\/\/metallix.ee\/fi\/sailiot-viro\/\">\n\t\t\t\t\t\t\t<img loading=\"lazy\" decoding=\"async\" width=\"640\" height=\"480\" src=\"https:\/\/metallix.ee\/wp-content\/uploads\/2025\/03\/2025-01-15_10-26-41-784-fotor-20250321125516.webp\" class=\"elementor-animation-grow attachment-large size-large wp-image-27696\" alt=\"Illustratsioon\" srcset=\"https:\/\/metallix.ee\/wp-content\/uploads\/2025\/03\/2025-01-15_10-26-41-784-fotor-20250321125516.webp 855w, https:\/\/metallix.ee\/wp-content\/uploads\/2025\/03\/2025-01-15_10-26-41-784-fotor-20250321125516-300x225.webp 300w, https:\/\/metallix.ee\/wp-content\/uploads\/2025\/03\/2025-01-15_10-26-41-784-fotor-20250321125516-768x576.webp 768w\" sizes=\"(max-width: 640px) 100vw, 640px\" \/>\t\t\t\t\t\t\t\t<\/a>\n\t\t\t\t\t\t\t\t\t\t\t<figcaption class=\"widget-image-caption wp-caption-text\">S\u00e4ili\u00f6t - Viro<\/figcaption>\n\t\t\t\t\t\t\t\t\t\t<\/figure>\n\t\t\t\t\t\t\t\t\t<\/div>\n\t\t\t\t<\/div>\n\t\t\t\t<div class=\"elementor-element elementor-element-6110d7d elementor-widget elementor-widget-image\" data-id=\"6110d7d\" data-element_type=\"widget\" data-widget_type=\"image.default\">\n\t\t\t\t<div class=\"elementor-widget-container\">\n\t\t\t\t\t\t\t\t\t\t\t\t<figure class=\"wp-caption\">\n\t\t\t\t\t\t\t\t\t\t\t<a href=\"https:\/\/metallix.ee\/fi\/fgroup-1-suomi\/\">\n\t\t\t\t\t\t\t<img loading=\"lazy\" decoding=\"async\" width=\"640\" height=\"480\" src=\"https:\/\/metallix.ee\/wp-content\/uploads\/2025\/03\/Fgroup1-Finland.webp\" class=\"elementor-animation-grow attachment-large size-large wp-image-27671\" alt=\"Illustratsioon\" srcset=\"https:\/\/metallix.ee\/wp-content\/uploads\/2025\/03\/Fgroup1-Finland.webp 718w, https:\/\/metallix.ee\/wp-content\/uploads\/2025\/03\/Fgroup1-Finland-300x225.webp 300w\" sizes=\"(max-width: 640px) 100vw, 640px\" \/>\t\t\t\t\t\t\t\t<\/a>\n\t\t\t\t\t\t\t\t\t\t\t<figcaption class=\"widget-image-caption wp-caption-text\">FGroup 1 - Suomi<\/figcaption>\n\t\t\t\t\t\t\t\t\t\t<\/figure>\n\t\t\t\t\t\t\t\t\t<\/div>\n\t\t\t\t<\/div>\n\t\t\t\t<div class=\"elementor-element elementor-element-3ec93c3 elementor-widget elementor-widget-image\" data-id=\"3ec93c3\" data-element_type=\"widget\" data-widget_type=\"image.default\">\n\t\t\t\t<div class=\"elementor-widget-container\">\n\t\t\t\t\t\t\t\t\t\t\t\t<figure class=\"wp-caption\">\n\t\t\t\t\t\t\t\t\t\t\t<a href=\"https:\/\/metallix.ee\/fgroup-frame-finland\/\">\n\t\t\t\t\t\t\t<img loading=\"lazy\" decoding=\"async\" width=\"640\" height=\"480\" src=\"https:\/\/metallix.ee\/wp-content\/uploads\/2025\/02\/IMG_4307.jpg\" class=\"elementor-animation-grow attachment-large size-large wp-image-26173\" alt=\"pilt\" srcset=\"https:\/\/metallix.ee\/wp-content\/uploads\/2025\/02\/IMG_4307.jpg 1008w, https:\/\/metallix.ee\/wp-content\/uploads\/2025\/02\/IMG_4307-300x225.jpg 300w, https:\/\/metallix.ee\/wp-content\/uploads\/2025\/02\/IMG_4307-768x576.jpg 768w\" sizes=\"(max-width: 640px) 100vw, 640px\" \/>\t\t\t\t\t\t\t\t<\/a>\n\t\t\t\t\t\t\t\t\t\t\t<figcaption class=\"widget-image-caption wp-caption-text\">Kehys - Suomi<\/figcaption>\n\t\t\t\t\t\t\t\t\t\t<\/figure>\n\t\t\t\t\t\t\t\t\t<\/div>\n\t\t\t\t<\/div>\n\t\t\t\t<div class=\"elementor-element elementor-element-781f9d4 elementor-widget elementor-widget-image\" data-id=\"781f9d4\" data-element_type=\"widget\" data-widget_type=\"image.default\">\n\t\t\t\t<div class=\"elementor-widget-container\">\n\t\t\t\t\t\t\t\t\t\t\t\t<figure class=\"wp-caption\">\n\t\t\t\t\t\t\t\t\t\t\t<a href=\"https:\/\/metallix.ee\/fi\/alustat-alankomaat\/\">\n\t\t\t\t\t\t\t<img loading=\"lazy\" decoding=\"async\" width=\"640\" height=\"481\" src=\"https:\/\/metallix.ee\/wp-content\/uploads\/2025\/03\/Platforms-1024x770.png\" class=\"elementor-animation-grow attachment-large size-large wp-image-27690\" alt=\"Illustratsioon\" srcset=\"https:\/\/metallix.ee\/wp-content\/uploads\/2025\/03\/Platforms-1024x770.png 1024w, https:\/\/metallix.ee\/wp-content\/uploads\/2025\/03\/Platforms-300x226.png 300w, https:\/\/metallix.ee\/wp-content\/uploads\/2025\/03\/Platforms-768x577.png 768w, https:\/\/metallix.ee\/wp-content\/uploads\/2025\/03\/Platforms.png 1039w\" sizes=\"(max-width: 640px) 100vw, 640px\" \/>\t\t\t\t\t\t\t\t<\/a>\n\t\t\t\t\t\t\t\t\t\t\t<figcaption class=\"widget-image-caption wp-caption-text\">Alustat - Alankomaat<\/figcaption>\n\t\t\t\t\t\t\t\t\t\t<\/figure>\n\t\t\t\t\t\t\t\t\t<\/div>\n\t\t\t\t<\/div>\n\t\t\t\t<div class=\"elementor-element elementor-element-6780e92 elementor-widget elementor-widget-image\" data-id=\"6780e92\" data-element_type=\"widget\" data-widget_type=\"image.default\">\n\t\t\t\t<div class=\"elementor-widget-container\">\n\t\t\t\t\t\t\t\t\t\t\t\t<figure class=\"wp-caption\">\n\t\t\t\t\t\t\t\t\t\t\t<a href=\"https:\/\/metallix.ee\/fi\/alustat-suomi\/\">\n\t\t\t\t\t\t\t<img decoding=\"async\" src=\"https:\/\/metallix.ee\/wp-content\/uploads\/elementor\/thumbs\/IMG_5249-r2p065vqh0i7h97l43oftwk80yzedfnzaryigg085e.jpeg\" title=\"Platforms &#8211; Finland\u200b\" alt=\"Platforms Finland\" class=\"elementor-animation-grow\" loading=\"lazy\" \/>\t\t\t\t\t\t\t\t<\/a>\n\t\t\t\t\t\t\t\t\t\t\t<figcaption class=\"widget-image-caption wp-caption-text\">Alustat - Suomi<\/figcaption>\n\t\t\t\t\t\t\t\t\t\t<\/figure>\n\t\t\t\t\t\t\t\t\t<\/div>\n\t\t\t\t<\/div>\n\t\t\t\t<div class=\"elementor-element elementor-element-73aba6a elementor-widget elementor-widget-image\" data-id=\"73aba6a\" data-element_type=\"widget\" data-widget_type=\"image.default\">\n\t\t\t\t<div class=\"elementor-widget-container\">\n\t\t\t\t\t\t\t\t\t\t\t\t<figure class=\"wp-caption\">\n\t\t\t\t\t\t\t\t\t\t\t<a href=\"https:\/\/metallix.ee\/fi\/laiturit-kaiteet-suomi\/\">\n\t\t\t\t\t\t\t<img loading=\"lazy\" decoding=\"async\" width=\"450\" height=\"358\" src=\"https:\/\/metallix.ee\/wp-content\/uploads\/2025\/02\/2025-02-08_14-26-52-277.jpg\" class=\"elementor-animation-grow attachment-large size-large wp-image-26295\" alt=\"pilt\" srcset=\"https:\/\/metallix.ee\/wp-content\/uploads\/2025\/02\/2025-02-08_14-26-52-277.jpg 450w, https:\/\/metallix.ee\/wp-content\/uploads\/2025\/02\/2025-02-08_14-26-52-277-300x239.jpg 300w\" sizes=\"(max-width: 450px) 100vw, 450px\" \/>\t\t\t\t\t\t\t\t<\/a>\n\t\t\t\t\t\t\t\t\t\t\t<figcaption class=\"widget-image-caption wp-caption-text\">Laiturit, kaiteet - Suomi<\/figcaption>\n\t\t\t\t\t\t\t\t\t\t<\/figure>\n\t\t\t\t\t\t\t\t\t<\/div>\n\t\t\t\t<\/div>\n\t\t\t\t<div class=\"elementor-element elementor-element-36b39b4 elementor-widget elementor-widget-image\" data-id=\"36b39b4\" data-element_type=\"widget\" data-widget_type=\"image.default\">\n\t\t\t\t<div class=\"elementor-widget-container\">\n\t\t\t\t\t\t\t\t\t\t\t\t<figure class=\"wp-caption\">\n\t\t\t\t\t\t\t\t\t\t\t<a href=\"https:\/\/metallix.ee\/fi\/laiturit-kaiteet-alankomaat\/\">\n\t\t\t\t\t\t\t<img decoding=\"async\" src=\"https:\/\/metallix.ee\/wp-content\/uploads\/elementor\/thumbs\/IMG_4593-scaled-r1tt3y3xy2pk4jemgbxgckql5evev3seja5wdqkhao.jpg\" title=\"Platforms, Railings &#8211; Netherlands\u200b\" alt=\"pilt\" class=\"elementor-animation-grow\" loading=\"lazy\" \/>\t\t\t\t\t\t\t\t<\/a>\n\t\t\t\t\t\t\t\t\t\t\t<figcaption class=\"widget-image-caption wp-caption-text\">Laiturit, kaiteet - Alankomaat<\/figcaption>\n\t\t\t\t\t\t\t\t\t\t<\/figure>\n\t\t\t\t\t\t\t\t\t<\/div>\n\t\t\t\t<\/div>\n\t\t\t\t<div class=\"elementor-element elementor-element-f89bd9b elementor-widget elementor-widget-image\" data-id=\"f89bd9b\" data-element_type=\"widget\" data-widget_type=\"image.default\">\n\t\t\t\t<div class=\"elementor-widget-container\">\n\t\t\t\t\t\t\t\t\t\t\t\t<figure class=\"wp-caption\">\n\t\t\t\t\t\t\t\t\t\t\t<a href=\"https:\/\/metallix.ee\/fi\/fgroup-2-suomi\/\">\n\t\t\t\t\t\t\t<img loading=\"lazy\" decoding=\"async\" width=\"640\" height=\"480\" src=\"https:\/\/metallix.ee\/wp-content\/uploads\/2025\/02\/IMG_4218.jpg\" class=\"elementor-animation-grow attachment-large size-large wp-image-26119\" alt=\"pilt\" srcset=\"https:\/\/metallix.ee\/wp-content\/uploads\/2025\/02\/IMG_4218.jpg 1008w, https:\/\/metallix.ee\/wp-content\/uploads\/2025\/02\/IMG_4218-300x225.jpg 300w, https:\/\/metallix.ee\/wp-content\/uploads\/2025\/02\/IMG_4218-768x576.jpg 768w\" sizes=\"(max-width: 640px) 100vw, 640px\" \/>\t\t\t\t\t\t\t\t<\/a>\n\t\t\t\t\t\t\t\t\t\t\t<figcaption class=\"widget-image-caption wp-caption-text\">FGroup 2 - Suomi<\/figcaption>\n\t\t\t\t\t\t\t\t\t\t<\/figure>\n\t\t\t\t\t\t\t\t\t<\/div>\n\t\t\t\t<\/div>\n\t\t\t\t<div class=\"elementor-element elementor-element-945cc57 elementor-widget elementor-widget-image\" data-id=\"945cc57\" data-element_type=\"widget\" data-widget_type=\"image.default\">\n\t\t\t\t<div class=\"elementor-widget-container\">\n\t\t\t\t\t\t\t\t\t\t\t\t<figure class=\"wp-caption\">\n\t\t\t\t\t\t\t\t\t\t\t<a href=\"https:\/\/metallix.ee\/fi\/putki\/\">\n\t\t\t\t\t\t\t<img loading=\"lazy\" decoding=\"async\" width=\"640\" height=\"480\" src=\"https:\/\/metallix.ee\/wp-content\/uploads\/2025\/02\/IMG_4422.jpg\" class=\"elementor-animation-grow attachment-large size-large wp-image-26257\" alt=\"pilt\" srcset=\"https:\/\/metallix.ee\/wp-content\/uploads\/2025\/02\/IMG_4422.jpg 1008w, https:\/\/metallix.ee\/wp-content\/uploads\/2025\/02\/IMG_4422-300x225.jpg 300w, https:\/\/metallix.ee\/wp-content\/uploads\/2025\/02\/IMG_4422-768x576.jpg 768w\" sizes=\"(max-width: 640px) 100vw, 640px\" \/>\t\t\t\t\t\t\t\t<\/a>\n\t\t\t\t\t\t\t\t\t\t\t<figcaption class=\"widget-image-caption wp-caption-text\">Putki<\/figcaption>\n\t\t\t\t\t\t\t\t\t\t<\/figure>\n\t\t\t\t\t\t\t\t\t<\/div>\n\t\t\t\t<\/div>\n\t\t\t\t\t<\/div>\n\t\t\t\t<\/div>\n\t\t\t\t<\/div>\n\t\t","protected":false},"excerpt":{"rendered":"<p>Salkku P\u00e4\u00e4ttyneet hankkeet Liikekeskus &#8211; Suomi P\u00e4\u00e4kaapelireitti &#8211; Ruotsi Pieni tehdas &#8211; Suomi Collums &#8211; Ruotsi S\u00e4ili\u00f6t &#8211; Viro FGroup 1 &#8211; Suomi Kehys &#8211; Suomi Alustat &#8211; Alankomaat Alustat &#8211; Suomi Laiturit, kaiteet &#8211; Suomi Laiturit, kaiteet &#8211; Alankomaat FGroup 2 &#8211; Suomi Putki<\/p>\n","protected":false},"author":1,"featured_media":27863,"parent":0,"menu_order":0,"comment_status":"closed","ping_status":"closed","template":"elementor_header_footer","meta":{"_acf_changed":false,"footnotes":""},"class_list":["post-27337","page","type-page","status-publish","has-post-thumbnail","hentry"],"acf":[],"yoast_head":"<!-- This site is optimized with the Yoast SEO plugin v26.0 - https:\/\/yoast.com\/wordpress\/plugins\/seo\/ -->\n<title>Salkku | Metallix<\/title>\n<meta name=\"description\" content=\"Tutustu valmistuneiden projektien portfolioon, jossa esitell\u00e4\u00e4n asiantuntemustamme metallirakenteiden ja mittatilausty\u00f6n valmistuksessa rakennus- ja koneteollisuudelle.\" \/>\n<meta name=\"robots\" content=\"index, follow, max-snippet:-1, max-image-preview:large, max-video-preview:-1\" \/>\n<link rel=\"canonical\" href=\"https:\/\/metallix.ee\/fi\/salkku\/\" \/>\n<meta property=\"og:locale\" content=\"fi_FI\" \/>\n<meta property=\"og:type\" content=\"article\" \/>\n<meta property=\"og:title\" content=\"Salkku | Metallix\" \/>\n<meta property=\"og:description\" content=\"Tutustu valmistuneiden projektien portfolioon, jossa esitell\u00e4\u00e4n asiantuntemustamme metallirakenteiden ja mittatilausty\u00f6n valmistuksessa rakennus- ja koneteollisuudelle.\" \/>\n<meta property=\"og:url\" content=\"https:\/\/metallix.ee\/fi\/salkku\/\" \/>\n<meta property=\"og:site_name\" content=\"Metallix\" \/>\n<meta property=\"article:modified_time\" content=\"2025-11-21T15:18:05+00:00\" \/>\n<meta property=\"og:image\" content=\"https:\/\/metallix.ee\/wp-content\/uploads\/2025\/03\/Wagon-1-1.jpeg\" \/>\n\t<meta property=\"og:image:width\" content=\"1714\" \/>\n\t<meta property=\"og:image:height\" content=\"1289\" \/>\n\t<meta property=\"og:image:type\" content=\"image\/jpeg\" \/>\n<meta name=\"twitter:card\" content=\"summary_large_image\" \/>\n<meta name=\"twitter:label1\" content=\"Arvioitu lukuaika\" \/>\n\t<meta name=\"twitter:data1\" content=\"3 minuuttia\" \/>\n<script type=\"application\/ld+json\" class=\"yoast-schema-graph\">{\"@context\":\"https:\/\/schema.org\",\"@graph\":[{\"@type\":\"WebPage\",\"@id\":\"https:\/\/metallix.ee\/fi\/salkku\/\",\"url\":\"https:\/\/metallix.ee\/fi\/salkku\/\",\"name\":\"Salkku | Metallix\",\"isPartOf\":{\"@id\":\"https:\/\/metallix.ee\/fi\/#website\"},\"primaryImageOfPage\":{\"@id\":\"https:\/\/metallix.ee\/fi\/salkku\/#primaryimage\"},\"image\":{\"@id\":\"https:\/\/metallix.ee\/fi\/salkku\/#primaryimage\"},\"thumbnailUrl\":\"https:\/\/metallix.ee\/wp-content\/uploads\/2025\/03\/Wagon-1-1.jpeg\",\"datePublished\":\"2021-12-21T05:51:36+00:00\",\"dateModified\":\"2025-11-21T15:18:05+00:00\",\"description\":\"Tutustu valmistuneiden projektien portfolioon, jossa esitell\u00e4\u00e4n asiantuntemustamme metallirakenteiden ja mittatilausty\u00f6n valmistuksessa rakennus- ja koneteollisuudelle.\",\"breadcrumb\":{\"@id\":\"https:\/\/metallix.ee\/fi\/salkku\/#breadcrumb\"},\"inLanguage\":\"fi\",\"potentialAction\":[{\"@type\":\"ReadAction\",\"target\":[\"https:\/\/metallix.ee\/fi\/salkku\/\"]}]},{\"@type\":\"ImageObject\",\"inLanguage\":\"fi\",\"@id\":\"https:\/\/metallix.ee\/fi\/salkku\/#primaryimage\",\"url\":\"https:\/\/metallix.ee\/wp-content\/uploads\/2025\/03\/Wagon-1-1.jpeg\",\"contentUrl\":\"https:\/\/metallix.ee\/wp-content\/uploads\/2025\/03\/Wagon-1-1.jpeg\",\"width\":1714,\"height\":1289},{\"@type\":\"BreadcrumbList\",\"@id\":\"https:\/\/metallix.ee\/fi\/salkku\/#breadcrumb\",\"itemListElement\":[{\"@type\":\"ListItem\",\"position\":1,\"name\":\"Home\",\"item\":\"https:\/\/metallix.ee\/fi\/\"},{\"@type\":\"ListItem\",\"position\":2,\"name\":\"Salkku\"}]},{\"@type\":\"WebSite\",\"@id\":\"https:\/\/metallix.ee\/fi\/#website\",\"url\":\"https:\/\/metallix.ee\/fi\/\",\"name\":\"Metallix\",\"description\":\"Metallix\",\"publisher\":{\"@id\":\"https:\/\/metallix.ee\/fi\/#organization\"},\"potentialAction\":[{\"@type\":\"SearchAction\",\"target\":{\"@type\":\"EntryPoint\",\"urlTemplate\":\"https:\/\/metallix.ee\/fi\/?s={search_term_string}\"},\"query-input\":{\"@type\":\"PropertyValueSpecification\",\"valueRequired\":true,\"valueName\":\"search_term_string\"}}],\"inLanguage\":\"fi\"},{\"@type\":\"Organization\",\"@id\":\"https:\/\/metallix.ee\/fi\/#organization\",\"name\":\"Metallix O\u00dc\",\"url\":\"https:\/\/metallix.ee\/fi\/\",\"logo\":{\"@type\":\"ImageObject\",\"inLanguage\":\"fi\",\"@id\":\"https:\/\/metallix.ee\/fi\/#\/schema\/logo\/image\/\",\"url\":\"https:\/\/metallix.ee\/wp-content\/uploads\/2025\/02\/cropped-cropped-Metallix-logo-valge-1.png\",\"contentUrl\":\"https:\/\/metallix.ee\/wp-content\/uploads\/2025\/02\/cropped-cropped-Metallix-logo-valge-1.png\",\"width\":105,\"height\":80,\"caption\":\"Metallix O\u00dc\"},\"image\":{\"@id\":\"https:\/\/metallix.ee\/fi\/#\/schema\/logo\/image\/\"}}]}<\/script>\n<!-- \/ Yoast SEO plugin. -->","yoast_head_json":{"title":"Salkku | Metallix","description":"Tutustu valmistuneiden projektien portfolioon, jossa esitell\u00e4\u00e4n asiantuntemustamme metallirakenteiden ja mittatilausty\u00f6n valmistuksessa rakennus- ja koneteollisuudelle.","robots":{"index":"index","follow":"follow","max-snippet":"max-snippet:-1","max-image-preview":"max-image-preview:large","max-video-preview":"max-video-preview:-1"},"canonical":"https:\/\/metallix.ee\/fi\/salkku\/","og_locale":"fi_FI","og_type":"article","og_title":"Salkku | Metallix","og_description":"Tutustu valmistuneiden projektien portfolioon, jossa esitell\u00e4\u00e4n asiantuntemustamme metallirakenteiden ja mittatilausty\u00f6n valmistuksessa rakennus- ja koneteollisuudelle.","og_url":"https:\/\/metallix.ee\/fi\/salkku\/","og_site_name":"Metallix","article_modified_time":"2025-11-21T15:18:05+00:00","og_image":[{"width":1714,"height":1289,"url":"https:\/\/metallix.ee\/wp-content\/uploads\/2025\/03\/Wagon-1-1.jpeg","type":"image\/jpeg"}],"twitter_card":"summary_large_image","twitter_misc":{"Arvioitu lukuaika":"3 minuuttia"},"schema":{"@context":"https:\/\/schema.org","@graph":[{"@type":"WebPage","@id":"https:\/\/metallix.ee\/fi\/salkku\/","url":"https:\/\/metallix.ee\/fi\/salkku\/","name":"Salkku | Metallix","isPartOf":{"@id":"https:\/\/metallix.ee\/fi\/#website"},"primaryImageOfPage":{"@id":"https:\/\/metallix.ee\/fi\/salkku\/#primaryimage"},"image":{"@id":"https:\/\/metallix.ee\/fi\/salkku\/#primaryimage"},"thumbnailUrl":"https:\/\/metallix.ee\/wp-content\/uploads\/2025\/03\/Wagon-1-1.jpeg","datePublished":"2021-12-21T05:51:36+00:00","dateModified":"2025-11-21T15:18:05+00:00","description":"Tutustu valmistuneiden projektien portfolioon, jossa esitell\u00e4\u00e4n asiantuntemustamme metallirakenteiden ja mittatilausty\u00f6n valmistuksessa rakennus- ja koneteollisuudelle.","breadcrumb":{"@id":"https:\/\/metallix.ee\/fi\/salkku\/#breadcrumb"},"inLanguage":"fi","potentialAction":[{"@type":"ReadAction","target":["https:\/\/metallix.ee\/fi\/salkku\/"]}]},{"@type":"ImageObject","inLanguage":"fi","@id":"https:\/\/metallix.ee\/fi\/salkku\/#primaryimage","url":"https:\/\/metallix.ee\/wp-content\/uploads\/2025\/03\/Wagon-1-1.jpeg","contentUrl":"https:\/\/metallix.ee\/wp-content\/uploads\/2025\/03\/Wagon-1-1.jpeg","width":1714,"height":1289},{"@type":"BreadcrumbList","@id":"https:\/\/metallix.ee\/fi\/salkku\/#breadcrumb","itemListElement":[{"@type":"ListItem","position":1,"name":"Home","item":"https:\/\/metallix.ee\/fi\/"},{"@type":"ListItem","position":2,"name":"Salkku"}]},{"@type":"WebSite","@id":"https:\/\/metallix.ee\/fi\/#website","url":"https:\/\/metallix.ee\/fi\/","name":"Metallix","description":"Metallix","publisher":{"@id":"https:\/\/metallix.ee\/fi\/#organization"},"potentialAction":[{"@type":"SearchAction","target":{"@type":"EntryPoint","urlTemplate":"https:\/\/metallix.ee\/fi\/?s={search_term_string}"},"query-input":{"@type":"PropertyValueSpecification","valueRequired":true,"valueName":"search_term_string"}}],"inLanguage":"fi"},{"@type":"Organization","@id":"https:\/\/metallix.ee\/fi\/#organization","name":"Metallix O\u00dc","url":"https:\/\/metallix.ee\/fi\/","logo":{"@type":"ImageObject","inLanguage":"fi","@id":"https:\/\/metallix.ee\/fi\/#\/schema\/logo\/image\/","url":"https:\/\/metallix.ee\/wp-content\/uploads\/2025\/02\/cropped-cropped-Metallix-logo-valge-1.png","contentUrl":"https:\/\/metallix.ee\/wp-content\/uploads\/2025\/02\/cropped-cropped-Metallix-logo-valge-1.png","width":105,"height":80,"caption":"Metallix O\u00dc"},"image":{"@id":"https:\/\/metallix.ee\/fi\/#\/schema\/logo\/image\/"}}]}},"_links":{"self":[{"href":"https:\/\/metallix.ee\/fi\/wp-json\/wp\/v2\/pages\/27337","targetHints":{"allow":["GET"]}}],"collection":[{"href":"https:\/\/metallix.ee\/fi\/wp-json\/wp\/v2\/pages"}],"about":[{"href":"https:\/\/metallix.ee\/fi\/wp-json\/wp\/v2\/types\/page"}],"author":[{"embeddable":true,"href":"https:\/\/metallix.ee\/fi\/wp-json\/wp\/v2\/users\/1"}],"replies":[{"embeddable":true,"href":"https:\/\/metallix.ee\/fi\/wp-json\/wp\/v2\/comments?post=27337"}],"version-history":[{"count":60,"href":"https:\/\/metallix.ee\/fi\/wp-json\/wp\/v2\/pages\/27337\/revisions"}],"predecessor-version":[{"id":28385,"href":"https:\/\/metallix.ee\/fi\/wp-json\/wp\/v2\/pages\/27337\/revisions\/28385"}],"wp:featuredmedia":[{"embeddable":true,"href":"https:\/\/metallix.ee\/fi\/wp-json\/wp\/v2\/media\/27863"}],"wp:attachment":[{"href":"https:\/\/metallix.ee\/fi\/wp-json\/wp\/v2\/media?parent=27337"}],"curies":[{"name":"wp","href":"https:\/\/api.w.org\/{rel}","templated":true}]}}